{"id":2503,"date":"2023-12-13T12:41:24","date_gmt":"2023-12-13T12:41:24","guid":{"rendered":"https:\/\/proves.up2you.es\/?page_id=2503"},"modified":"2024-01-09T08:18:12","modified_gmt":"2024-01-09T08:18:12","slug":"reformas","status":"publish","type":"page","link":"https:\/\/serviporc.com\/es\/servicios\/reformas\/","title":{"rendered":"Reformas"},"content":{"rendered":"\t\t<div data-elementor-type=\"wp-page\" data-elementor-id=\"2503\" class=\"elementor elementor-2503\" data-elementor-post-type=\"page\">\n\t\t\t\t<div class=\"elementor-element elementor-element-1c70f29 e-flex e-con-boxed e-con e-parent\" data-id=\"1c70f29\" data-element_type=\"container\" data-settings=\"{&quot;background_background&quot;:&quot;classic&quot;,&quot;jet_parallax_layout_list&quot;:[],&quot;content_width&quot;:&quot;boxed&quot;}\" data-core-v316-plus=\"true\">\n\t\t\t\t\t<div class=\"e-con-inner\">\n\t\t\t\t<div class=\"elementor-element elementor-element-0b7c8a6 elementor-invisible elementor-widget elementor-widget-heading\" data-id=\"0b7c8a6\" data-element_type=\"widget\" data-settings=\"{&quot;_animation&quot;:&quot;bounceInRight&quot;}\" data-widget_type=\"heading.default\">\n\t\t\t\t<div class=\"elementor-widget-container\">\n\t\t\t<style>\/*! elementor - v3.19.0 - 28-02-2024 *\/\n.elementor-heading-title{padding:0;margin:0;line-height:1}.elementor-widget-heading .elementor-heading-title[class*=elementor-size-]>a{color:inherit;font-size:inherit;line-height:inherit}.elementor-widget-heading .elementor-heading-title.elementor-size-small{font-size:15px}.elementor-widget-heading .elementor-heading-title.elementor-size-medium{font-size:19px}.elementor-widget-heading .elementor-heading-title.elementor-size-large{font-size:29px}.elementor-widget-heading .elementor-heading-title.elementor-size-xl{font-size:39px}.elementor-widget-heading .elementor-heading-title.elementor-size-xxl{font-size:59px}<\/style><h2 class=\"elementor-heading-title elementor-size-default\">\n<strong>Reformas<\/strong>\n<\/h2>\t\t<\/div>\n\t\t\t\t<\/div>\n\t\t\t\t\t<\/div>\n\t\t\t\t<\/div>\n\t\t<div class=\"elementor-element elementor-element-c0fac99 e-flex e-con-boxed elementor-invisible e-con e-parent\" data-id=\"c0fac99\" data-element_type=\"container\" id=\"capa_btns_cerdos\" data-settings=\"{&quot;animation&quot;:&quot;bounceInUp&quot;,&quot;animation_delay&quot;:750,&quot;animation_mobile&quot;:&quot;none&quot;,&quot;jet_parallax_layout_list&quot;:[],&quot;content_width&quot;:&quot;boxed&quot;}\" data-core-v316-plus=\"true\">\n\t\t\t\t\t<div class=\"e-con-inner\">\n\t\t<div class=\"elementor-element elementor-element-e18831d e-flex e-con-boxed e-con e-child\" data-id=\"e18831d\" data-element_type=\"container\" data-settings=\"{&quot;jet_parallax_layout_list&quot;:[],&quot;content_width&quot;:&quot;boxed&quot;}\">\n\t\t\t\t\t<div class=\"e-con-inner\">\n\t\t\t\t<div class=\"elementor-element elementor-element-9607f06 elementor-widget elementor-widget-heading\" data-id=\"9607f06\" data-element_type=\"widget\" data-widget_type=\"heading.default\">\n\t\t\t\t<div class=\"elementor-widget-container\">\n\t\t\t<h2 class=\"elementor-heading-title elementor-size-default\">Todo tipo de reformas, para adaptarse a nuevas normativas, cambios en la orientaci\u00f3n productiva u obsolescencia.<\/h2>\t\t<\/div>\n\t\t\t\t<\/div>\n\t\t\t\t<div class=\"elementor-element elementor-element-57f7058 elementor-widget elementor-widget-jet-listing-grid\" data-id=\"57f7058\" data-element_type=\"widget\" data-settings=\"{&quot;columns&quot;:3,&quot;columns_tablet&quot;:&quot;2&quot;,&quot;columns_mobile&quot;:&quot;1&quot;}\" data-widget_type=\"jet-listing-grid.default\">\n\t\t\t\t<div class=\"elementor-widget-container\">\n\t\t\t<div class=\"jet-listing-grid jet-listing\"><div class=\"jet-listing-grid__items grid-col-desk-3 grid-col-tablet-2 grid-col-mobile-1 jet-listing-grid--2049 jet-equal-columns__wrapper\" data-queried-id=\"2503|WP_Post\" data-nav=\"{&quot;enabled&quot;:false,&quot;type&quot;:null,&quot;more_el&quot;:null,&quot;query&quot;:[],&quot;widget_settings&quot;:{&quot;lisitng_id&quot;:2049,&quot;posts_num&quot;:6,&quot;columns&quot;:3,&quot;columns_tablet&quot;:2,&quot;columns_mobile&quot;:1,&quot;is_archive_template&quot;:&quot;&quot;,&quot;post_status&quot;:[&quot;publish&quot;],&quot;use_random_posts_num&quot;:&quot;&quot;,&quot;max_posts_num&quot;:9,&quot;not_found_message&quot;:&quot;No data was found&quot;,&quot;is_masonry&quot;:false,&quot;equal_columns_height&quot;:&quot;yes&quot;,&quot;use_load_more&quot;:&quot;&quot;,&quot;load_more_id&quot;:&quot;&quot;,&quot;load_more_type&quot;:&quot;click&quot;,&quot;load_more_offset&quot;:{&quot;unit&quot;:&quot;px&quot;,&quot;size&quot;:0,&quot;sizes&quot;:[]},&quot;use_custom_post_types&quot;:&quot;&quot;,&quot;custom_post_types&quot;:[],&quot;hide_widget_if&quot;:&quot;&quot;,&quot;carousel_enabled&quot;:&quot;&quot;,&quot;slides_to_scroll&quot;:&quot;1&quot;,&quot;arrows&quot;:&quot;true&quot;,&quot;arrow_icon&quot;:&quot;fa fa-angle-left&quot;,&quot;dots&quot;:&quot;&quot;,&quot;autoplay&quot;:&quot;true&quot;,&quot;pause_on_hover&quot;:&quot;true&quot;,&quot;autoplay_speed&quot;:5000,&quot;infinite&quot;:&quot;true&quot;,&quot;center_mode&quot;:&quot;&quot;,&quot;effect&quot;:&quot;slide&quot;,&quot;speed&quot;:500,&quot;inject_alternative_items&quot;:&quot;&quot;,&quot;injection_items&quot;:[],&quot;scroll_slider_enabled&quot;:&quot;&quot;,&quot;scroll_slider_on&quot;:[&quot;desktop&quot;,&quot;tablet&quot;,&quot;mobile&quot;],&quot;custom_query&quot;:&quot;yes&quot;,&quot;custom_query_id&quot;:&quot;&quot;,&quot;_element_id&quot;:&quot;&quot;}}\" data-page=\"1\" data-pages=\"1\" data-listing-source=\"posts\" data-listing-id=\"2049\" data-query-id=\"\"><div class=\"jet-listing-grid__item jet-listing-dynamic-post-2491 jet-equal-columns\" data-post-id=\"2491\" ><style type=\"text\/css\">.jet-listing-dynamic-post-2491 .elementor-element.elementor-element-b554401:not(.elementor-motion-effects-element-type-background), .jet-listing-dynamic-post-2491 .elementor-element.elementor-element-b554401 > .elementor-motion-effects-container > .elementor-motion-effects-layer{background-image:url(\"https:\/\/serviporc.com\/es\/wp-content\/uploads\/sites\/4\/2023\/12\/IMG_5792.webp\");}<\/style>\t\t<div data-elementor-type=\"jet-listing-items\" data-elementor-id=\"2049\" class=\"elementor elementor-2049\" data-elementor-post-type=\"jet-engine\">\n\t\t\t\t<a class=\"elementor-element elementor-element-773fad5 e-transform e-flex e-con-boxed e-con e-parent\" data-id=\"773fad5\" data-element_type=\"container\" data-settings=\"{&quot;jet_parallax_layout_list&quot;:[],&quot;_transform_scale_effect_hover&quot;:{&quot;unit&quot;:&quot;px&quot;,&quot;size&quot;:0.95,&quot;sizes&quot;:[]},&quot;content_width&quot;:&quot;boxed&quot;,&quot;_transform_scale_effect_hover_tablet&quot;:{&quot;unit&quot;:&quot;px&quot;,&quot;size&quot;:&quot;&quot;,&quot;sizes&quot;:[]},&quot;_transform_scale_effect_hover_mobile&quot;:{&quot;unit&quot;:&quot;px&quot;,&quot;size&quot;:&quot;&quot;,&quot;sizes&quot;:[]}}\" data-core-v316-plus=\"true\" href=\"https:\/\/serviporc.com\/es\/proyecto\/reforma-gestacion\/\">\n\t\t\t\t\t<div class=\"e-con-inner\">\n\t\t<div class=\"elementor-element elementor-element-b554401 e-flex e-con-boxed e-con e-child\" data-id=\"b554401\" data-element_type=\"container\" data-settings=\"{&quot;background_background&quot;:&quot;classic&quot;,&quot;jet_parallax_layout_list&quot;:[],&quot;content_width&quot;:&quot;boxed&quot;}\">\n\t\t\t\t\t<div class=\"e-con-inner\">\n\t\t\t\t\t<\/div>\n\t\t\t\t<\/div>\n\t\t<div class=\"elementor-element elementor-element-97e4a6d e-flex e-con-boxed e-con e-child\" data-id=\"97e4a6d\" data-element_type=\"container\" data-settings=\"{&quot;jet_parallax_layout_list&quot;:[],&quot;content_width&quot;:&quot;boxed&quot;}\">\n\t\t\t\t\t<div class=\"e-con-inner\">\n\t\t\t\t<div class=\"elementor-element elementor-element-ac3aba7 elementor-widget elementor-widget-jet-listing-dynamic-field\" data-id=\"ac3aba7\" data-element_type=\"widget\" data-widget_type=\"jet-listing-dynamic-field.default\">\n\t\t\t\t<div class=\"elementor-widget-container\">\n\t\t\t<div class=\"jet-listing jet-listing-dynamic-field display-inline\"><div class=\"jet-listing-dynamic-field__inline-wrap\"><div class=\"jet-listing-dynamic-field__content\">Reforma gestaci\u00f3n<\/div><\/div><\/div>\t\t<\/div>\n\t\t\t\t<\/div>\n\t\t\t\t\t<\/div>\n\t\t\t\t<\/div>\n\t\t\t\t\t<\/div>\n\t\t\t\t<\/a>\n\t\t\t\t<\/div>\n\t\t<\/div><div class=\"jet-listing-grid__item jet-listing-dynamic-post-2486 jet-equal-columns\" data-post-id=\"2486\" ><style type=\"text\/css\">.jet-listing-dynamic-post-2486 .elementor-element.elementor-element-b554401:not(.elementor-motion-effects-element-type-background), .jet-listing-dynamic-post-2486 .elementor-element.elementor-element-b554401 > .elementor-motion-effects-container > .elementor-motion-effects-layer{background-image:url(\"https:\/\/serviporc.com\/es\/wp-content\/uploads\/sites\/4\/2023\/12\/Falguera-3-2020.webp\");}<\/style>\t\t<div data-elementor-type=\"jet-listing-items\" data-elementor-id=\"2049\" class=\"elementor elementor-2049\" data-elementor-post-type=\"jet-engine\">\n\t\t\t\t<a class=\"elementor-element elementor-element-773fad5 e-transform e-flex e-con-boxed e-con e-parent\" data-id=\"773fad5\" data-element_type=\"container\" data-settings=\"{&quot;jet_parallax_layout_list&quot;:[],&quot;_transform_scale_effect_hover&quot;:{&quot;unit&quot;:&quot;px&quot;,&quot;size&quot;:0.95,&quot;sizes&quot;:[]},&quot;content_width&quot;:&quot;boxed&quot;,&quot;_transform_scale_effect_hover_tablet&quot;:{&quot;unit&quot;:&quot;px&quot;,&quot;size&quot;:&quot;&quot;,&quot;sizes&quot;:[]},&quot;_transform_scale_effect_hover_mobile&quot;:{&quot;unit&quot;:&quot;px&quot;,&quot;size&quot;:&quot;&quot;,&quot;sizes&quot;:[]}}\" data-core-v316-plus=\"true\" href=\"https:\/\/serviporc.com\/es\/proyecto\/reforma-de-corrales-de-engorde-y-suelos\/\">\n\t\t\t\t\t<div class=\"e-con-inner\">\n\t\t<div class=\"elementor-element elementor-element-b554401 e-flex e-con-boxed e-con e-child\" data-id=\"b554401\" data-element_type=\"container\" data-settings=\"{&quot;background_background&quot;:&quot;classic&quot;,&quot;jet_parallax_layout_list&quot;:[],&quot;content_width&quot;:&quot;boxed&quot;}\">\n\t\t\t\t\t<div class=\"e-con-inner\">\n\t\t\t\t\t<\/div>\n\t\t\t\t<\/div>\n\t\t<div class=\"elementor-element elementor-element-97e4a6d e-flex e-con-boxed e-con e-child\" data-id=\"97e4a6d\" data-element_type=\"container\" data-settings=\"{&quot;jet_parallax_layout_list&quot;:[],&quot;content_width&quot;:&quot;boxed&quot;}\">\n\t\t\t\t\t<div class=\"e-con-inner\">\n\t\t\t\t<div class=\"elementor-element elementor-element-ac3aba7 elementor-widget elementor-widget-jet-listing-dynamic-field\" data-id=\"ac3aba7\" data-element_type=\"widget\" data-widget_type=\"jet-listing-dynamic-field.default\">\n\t\t\t\t<div class=\"elementor-widget-container\">\n\t\t\t<div class=\"jet-listing jet-listing-dynamic-field display-inline\"><div class=\"jet-listing-dynamic-field__inline-wrap\"><div class=\"jet-listing-dynamic-field__content\">Reforma de corrales de engorde y suelos<\/div><\/div><\/div>\t\t<\/div>\n\t\t\t\t<\/div>\n\t\t\t\t\t<\/div>\n\t\t\t\t<\/div>\n\t\t\t\t\t<\/div>\n\t\t\t\t<\/a>\n\t\t\t\t<\/div>\n\t\t<\/div><div class=\"jet-listing-grid__item jet-listing-dynamic-post-2476 jet-equal-columns\" data-post-id=\"2476\" ><style type=\"text\/css\">.jet-listing-dynamic-post-2476 .elementor-element.elementor-element-b554401:not(.elementor-motion-effects-element-type-background), .jet-listing-dynamic-post-2476 .elementor-element.elementor-element-b554401 > .elementor-motion-effects-container > .elementor-motion-effects-layer{background-image:url(\"https:\/\/serviporc.com\/es\/wp-content\/uploads\/sites\/4\/2023\/12\/Cerqueda-9-2022.webp\");}<\/style>\t\t<div data-elementor-type=\"jet-listing-items\" data-elementor-id=\"2049\" class=\"elementor elementor-2049\" data-elementor-post-type=\"jet-engine\">\n\t\t\t\t<a class=\"elementor-element elementor-element-773fad5 e-transform e-flex e-con-boxed e-con e-parent\" data-id=\"773fad5\" data-element_type=\"container\" data-settings=\"{&quot;jet_parallax_layout_list&quot;:[],&quot;_transform_scale_effect_hover&quot;:{&quot;unit&quot;:&quot;px&quot;,&quot;size&quot;:0.95,&quot;sizes&quot;:[]},&quot;content_width&quot;:&quot;boxed&quot;,&quot;_transform_scale_effect_hover_tablet&quot;:{&quot;unit&quot;:&quot;px&quot;,&quot;size&quot;:&quot;&quot;,&quot;sizes&quot;:[]},&quot;_transform_scale_effect_hover_mobile&quot;:{&quot;unit&quot;:&quot;px&quot;,&quot;size&quot;:&quot;&quot;,&quot;sizes&quot;:[]}}\" data-core-v316-plus=\"true\" href=\"https:\/\/serviporc.com\/es\/proyecto\/cambio-de-orientacion\/\">\n\t\t\t\t\t<div class=\"e-con-inner\">\n\t\t<div class=\"elementor-element elementor-element-b554401 e-flex e-con-boxed e-con e-child\" data-id=\"b554401\" data-element_type=\"container\" data-settings=\"{&quot;background_background&quot;:&quot;classic&quot;,&quot;jet_parallax_layout_list&quot;:[],&quot;content_width&quot;:&quot;boxed&quot;}\">\n\t\t\t\t\t<div class=\"e-con-inner\">\n\t\t\t\t\t<\/div>\n\t\t\t\t<\/div>\n\t\t<div class=\"elementor-element elementor-element-97e4a6d e-flex e-con-boxed e-con e-child\" data-id=\"97e4a6d\" data-element_type=\"container\" data-settings=\"{&quot;jet_parallax_layout_list&quot;:[],&quot;content_width&quot;:&quot;boxed&quot;}\">\n\t\t\t\t\t<div class=\"e-con-inner\">\n\t\t\t\t<div class=\"elementor-element elementor-element-ac3aba7 elementor-widget elementor-widget-jet-listing-dynamic-field\" data-id=\"ac3aba7\" data-element_type=\"widget\" data-widget_type=\"jet-listing-dynamic-field.default\">\n\t\t\t\t<div class=\"elementor-widget-container\">\n\t\t\t<div class=\"jet-listing jet-listing-dynamic-field display-inline\"><div class=\"jet-listing-dynamic-field__inline-wrap\"><div class=\"jet-listing-dynamic-field__content\">Cambio de orientaci\u00f3n<\/div><\/div><\/div>\t\t<\/div>\n\t\t\t\t<\/div>\n\t\t\t\t\t<\/div>\n\t\t\t\t<\/div>\n\t\t\t\t\t<\/div>\n\t\t\t\t<\/a>\n\t\t\t\t<\/div>\n\t\t<\/div><\/div><\/div>\t\t<\/div>\n\t\t\t\t<\/div>\n\t\t\t\t\t<\/div>\n\t\t\t\t<\/div>\n\t\t\t\t\t<\/div>\n\t\t\t\t<\/div>\n\t\t\t\t<\/div>\n\t\t","protected":false},"excerpt":{"rendered":"<p>Reformas Todo tipo de reformas, para adaptarse a nuevas normativas, cambios en la orientaci\u00f3n productiva u obsolescencia. Reforma gestaci\u00f3n Reforma de corrales de engorde y tierras Cambio de orientaci\u00f3n<\/p>\n","protected":false},"author":1,"featured_media":0,"parent":933,"menu_order":0,"comment_status":"closed","ping_status":"closed","template":"elementor_header_footer","meta":{"footnotes":""},"class_list":["post-2503","page","type-page","status-publish"],"yoast_head":"<!-- This site is optimized with the Yoast SEO plugin v23.7 - https:\/\/yoast.com\/wordpress\/plugins\/seo\/ -->\n<title>Reformas - Serviporc<\/title>\n<meta name=\"robots\" content=\"index, follow, max-snippet:-1, max-image-preview:large, max-video-preview:-1\" \/>\n<link rel=\"canonical\" href=\"https:\/\/serviporc.com\/es\/servicios\/reformas\/\" \/>\n<meta property=\"og:locale\" content=\"es_ES\" \/>\n<meta property=\"og:type\" content=\"article\" \/>\n<meta property=\"og:title\" content=\"Reformas - Serviporc\" \/>\n<meta property=\"og:description\" content=\"Reformas Todo tipo de reformas, para adaptarse a nuevas normativas, cambios en la orientaci\u00f3n productiva u obsolescencia. Reforma gestaci\u00f3n Reforma de corrales de engorde y tierras Cambio de orientaci\u00f3n\" \/>\n<meta property=\"og:url\" content=\"https:\/\/serviporc.com\/es\/servicios\/reformas\/\" \/>\n<meta property=\"og:site_name\" content=\"Serviporc\" \/>\n<meta property=\"article:modified_time\" content=\"2024-01-09T08:18:12+00:00\" \/>\n<meta name=\"twitter:card\" content=\"summary_large_image\" \/>\n<script type=\"application\/ld+json\" class=\"yoast-schema-graph\">{\"@context\":\"https:\/\/schema.org\",\"@graph\":[{\"@type\":\"WebPage\",\"@id\":\"https:\/\/serviporc.com\/es\/servicios\/reformas\/\",\"url\":\"https:\/\/serviporc.com\/es\/servicios\/reformas\/\",\"name\":\"Reformas - Serviporc\",\"isPartOf\":{\"@id\":\"https:\/\/serviporc.com\/es\/#website\"},\"datePublished\":\"2023-12-13T12:41:24+00:00\",\"dateModified\":\"2024-01-09T08:18:12+00:00\",\"breadcrumb\":{\"@id\":\"https:\/\/serviporc.com\/es\/servicios\/reformas\/#breadcrumb\"},\"inLanguage\":\"es\",\"potentialAction\":[{\"@type\":\"ReadAction\",\"target\":[\"https:\/\/serviporc.com\/es\/servicios\/reformas\/\"]}]},{\"@type\":\"BreadcrumbList\",\"@id\":\"https:\/\/serviporc.com\/es\/servicios\/reformas\/#breadcrumb\",\"itemListElement\":[{\"@type\":\"ListItem\",\"position\":1,\"name\":\"Portada\",\"item\":\"https:\/\/serviporc.com\/es\/\"},{\"@type\":\"ListItem\",\"position\":2,\"name\":\"Servicios\",\"item\":\"https:\/\/serviporc.com\/es\/servicios\/\"},{\"@type\":\"ListItem\",\"position\":3,\"name\":\"Reformas\"}]},{\"@type\":\"WebSite\",\"@id\":\"https:\/\/serviporc.com\/es\/#website\",\"url\":\"https:\/\/serviporc.com\/es\/\",\"name\":\"Serviporc\",\"description\":\"Sempre al costat del sector ramader\",\"publisher\":{\"@id\":\"https:\/\/serviporc.com\/es\/#organization\"},\"potentialAction\":[{\"@type\":\"SearchAction\",\"target\":{\"@type\":\"EntryPoint\",\"urlTemplate\":\"https:\/\/serviporc.com\/es\/?s={search_term_string}\"},\"query-input\":{\"@type\":\"PropertyValueSpecification\",\"valueRequired\":true,\"valueName\":\"search_term_string\"}}],\"inLanguage\":\"es\"},{\"@type\":\"Organization\",\"@id\":\"https:\/\/serviporc.com\/es\/#organization\",\"name\":\"Serviporc\",\"url\":\"https:\/\/serviporc.com\/es\/\",\"logo\":{\"@type\":\"ImageObject\",\"inLanguage\":\"es\",\"@id\":\"https:\/\/serviporc.com\/es\/#\/schema\/logo\/image\/\",\"url\":\"https:\/\/serviporc.com\/es\/wp-content\/uploads\/sites\/4\/2023\/09\/logo-header.webp\",\"contentUrl\":\"https:\/\/serviporc.com\/es\/wp-content\/uploads\/sites\/4\/2023\/09\/logo-header.webp\",\"width\":386,\"height\":116,\"caption\":\"Serviporc\"},\"image\":{\"@id\":\"https:\/\/serviporc.com\/es\/#\/schema\/logo\/image\/\"}}]}<\/script>\n<!-- \/ Yoast SEO plugin. -->","yoast_head_json":{"title":"Reformas - Serviporc","robots":{"index":"index","follow":"follow","max-snippet":"max-snippet:-1","max-image-preview":"max-image-preview:large","max-video-preview":"max-video-preview:-1"},"canonical":"https:\/\/serviporc.com\/es\/servicios\/reformas\/","og_locale":"es_ES","og_type":"article","og_title":"Reformas - Serviporc","og_description":"Reformas Todo tipo de reformas, para adaptarse a nuevas normativas, cambios en la orientaci\u00f3n productiva u obsolescencia. Reforma gestaci\u00f3n Reforma de corrales de engorde y tierras Cambio de orientaci\u00f3n","og_url":"https:\/\/serviporc.com\/es\/servicios\/reformas\/","og_site_name":"Serviporc","article_modified_time":"2024-01-09T08:18:12+00:00","twitter_card":"summary_large_image","schema":{"@context":"https:\/\/schema.org","@graph":[{"@type":"WebPage","@id":"https:\/\/serviporc.com\/es\/servicios\/reformas\/","url":"https:\/\/serviporc.com\/es\/servicios\/reformas\/","name":"Reformas - Serviporc","isPartOf":{"@id":"https:\/\/serviporc.com\/es\/#website"},"datePublished":"2023-12-13T12:41:24+00:00","dateModified":"2024-01-09T08:18:12+00:00","breadcrumb":{"@id":"https:\/\/serviporc.com\/es\/servicios\/reformas\/#breadcrumb"},"inLanguage":"es","potentialAction":[{"@type":"ReadAction","target":["https:\/\/serviporc.com\/es\/servicios\/reformas\/"]}]},{"@type":"BreadcrumbList","@id":"https:\/\/serviporc.com\/es\/servicios\/reformas\/#breadcrumb","itemListElement":[{"@type":"ListItem","position":1,"name":"Portada","item":"https:\/\/serviporc.com\/es\/"},{"@type":"ListItem","position":2,"name":"Servicios","item":"https:\/\/serviporc.com\/es\/servicios\/"},{"@type":"ListItem","position":3,"name":"Reformas"}]},{"@type":"WebSite","@id":"https:\/\/serviporc.com\/es\/#website","url":"https:\/\/serviporc.com\/es\/","name":"Serviporc","description":"Sempre al costat del sector ramader","publisher":{"@id":"https:\/\/serviporc.com\/es\/#organization"},"potentialAction":[{"@type":"SearchAction","target":{"@type":"EntryPoint","urlTemplate":"https:\/\/serviporc.com\/es\/?s={search_term_string}"},"query-input":{"@type":"PropertyValueSpecification","valueRequired":true,"valueName":"search_term_string"}}],"inLanguage":"es"},{"@type":"Organization","@id":"https:\/\/serviporc.com\/es\/#organization","name":"Serviporc","url":"https:\/\/serviporc.com\/es\/","logo":{"@type":"ImageObject","inLanguage":"es","@id":"https:\/\/serviporc.com\/es\/#\/schema\/logo\/image\/","url":"https:\/\/serviporc.com\/es\/wp-content\/uploads\/sites\/4\/2023\/09\/logo-header.webp","contentUrl":"https:\/\/serviporc.com\/es\/wp-content\/uploads\/sites\/4\/2023\/09\/logo-header.webp","width":386,"height":116,"caption":"Serviporc"},"image":{"@id":"https:\/\/serviporc.com\/es\/#\/schema\/logo\/image\/"}}]}},"_links":{"self":[{"href":"https:\/\/serviporc.com\/es\/wp-json\/wp\/v2\/pages\/2503"}],"collection":[{"href":"https:\/\/serviporc.com\/es\/wp-json\/wp\/v2\/pages"}],"about":[{"href":"https:\/\/serviporc.com\/es\/wp-json\/wp\/v2\/types\/page"}],"author":[{"embeddable":true,"href":"https:\/\/serviporc.com\/es\/wp-json\/wp\/v2\/users\/1"}],"replies":[{"embeddable":true,"href":"https:\/\/serviporc.com\/es\/wp-json\/wp\/v2\/comments?post=2503"}],"version-history":[{"count":26,"href":"https:\/\/serviporc.com\/es\/wp-json\/wp\/v2\/pages\/2503\/revisions"}],"predecessor-version":[{"id":2955,"href":"https:\/\/serviporc.com\/es\/wp-json\/wp\/v2\/pages\/2503\/revisions\/2955"}],"up":[{"embeddable":true,"href":"https:\/\/serviporc.com\/es\/wp-json\/wp\/v2\/pages\/933"}],"wp:attachment":[{"href":"https:\/\/serviporc.com\/es\/wp-json\/wp\/v2\/media?parent=2503"}],"curies":[{"name":"wp","href":"https:\/\/api.w.org\/{rel}","templated":true}]}}